{"id":104,"date":"2024-10-09T11:24:20","date_gmt":"2024-10-09T09:24:20","guid":{"rendered":"https:\/\/wordpress.mut-foerdern.de\/?page_id=104"},"modified":"2026-04-09T10:27:53","modified_gmt":"2026-04-09T08:27:53","slug":"der-mut-atlas-einfach-eingebunden","status":"publish","type":"page","link":"https:\/\/beispiele.mut-atlas.de\/hauptseite\/","title":{"rendered":"Der MUT-ATLAS \u2013 einfach eingebunden"},"content":{"rendered":"\n<p style=\"margin-right:var(--wp--preset--spacing--40);margin-left:var(--wp--preset--spacing--40);font-size:clamp(15.747px, 0.984rem + ((1vw - 3.2px) * 0.645), 24px);\">Auf dieser Seite zeigen wir, die unterschiedlichen M\u00f6glichkeiten, wie der MUT-ATLAS auf anderen Webseiten ganz einfach eingebunden werden kann. Dabei gibt es verschiedene Darstellungsformen. Auch der angezeigte Inhalt kann je nach Wunsch variieren.<\/p>\n\n\n\n<p style=\"margin-right:var(--wp--preset--spacing--40);margin-left:var(--wp--preset--spacing--40);font-size:clamp(15.747px, 0.984rem + ((1vw - 3.2px) * 0.645), 24px);\">Soll ein iFrame des MUT-ATLAS m\u00f6glichst vollst\u00e4ndig auf dem Bildschirm angezeigt werden (<em>responsive design<\/em>), so k\u00f6nnen die folgenden Einbettungen als Grundlage dienen:<br><a href=\"https:\/\/www.mut-atlas.de\/iframe.max.themingDefault.html\" target=\"_blank\" rel=\"noreferrer noopener\">mut-atlas.de\/iframe.max.themingDefault.html<\/a><br><a href=\"https:\/\/www.mut-atlas.de\/iframe.max.themingAlternative.html\" target=\"_blank\" rel=\"noreferrer noopener\">mut-atlas.de\/iframe.max.themingAlternative.html<\/a><\/p>\n\n\n\n<div class=\"wp-block-columns is-layout-flex wp-container-core-columns-is-layout-28f84493 wp-block-columns-is-layout-flex\">\n<div class=\"wp-block-column is-layout-flow wp-block-column-is-layout-flow\" style=\"flex-basis:100%\">\n<div class=\"wp-block-columns is-layout-flex wp-container-core-columns-is-layout-28f84493 wp-block-columns-is-layout-flex\">\n<div class=\"wp-block-column is-layout-flow wp-block-column-is-layout-flow\"><\/div>\n\n\n\n<div class=\"wp-block-column is-layout-flow wp-block-column-is-layout-flow\"><\/div>\n<\/div>\n<\/div>\n<\/div>\n\n\n\n<div class=\"wp-block-columns is-layout-flex wp-container-core-columns-is-layout-28f84493 wp-block-columns-is-layout-flex\">\n<div class=\"wp-block-column is-layout-flow wp-block-column-is-layout-flow\" style=\"flex-basis:50%\">\n<p class=\"has-text-align-right\" style=\"margin-right:0;margin-left:0;font-size:clamp(15.747px, 0.984rem + ((1vw - 3.2px) * 0.645), 24px);\">Bei der Einbettung des MUT-ATLAS&#8216; kann der Fokus dabei zum Beispiel auf einer bestimmten <a href=\"https:\/\/beispiele.mut-atlas.de\/hauptseite\/einbindung-mit-filter\/\">Angebotsart liegen, z.B. Selbsthilfegruppen<\/a>. Auch ein Filter f\u00fcr ein spezifisches Thema, wie ADHS und der Einbindung auf einer Info-Seite ist m\u00f6glich.<\/p>\n<\/div>\n\n\n\n<div class=\"wp-block-column is-layout-flow wp-block-column-is-layout-flow\" style=\"flex-basis:50%\">\n<p style=\"font-size:clamp(15.747px, 0.984rem + ((1vw - 3.2px) * 0.645), 24px);\">Bei Webseiten einer bestimmten <a href=\"https:\/\/beispiele.mut-atlas.de\/hauptseite\/hervorheben-einer-region\/\">Region, Stadt oder eines Kreises<\/a>, kann der Ausschnitt des MUT-ATLAS durch einen Zoom-Faktor bestimmt werden.<\/p>\n<\/div>\n<\/div>\n\n\n\n<div style=\"height:50px\" aria-hidden=\"true\" class=\"wp-block-spacer\"><\/div>\n\n\n\n<div class=\"wp-block-columns is-layout-flex wp-container-core-columns-is-layout-28f84493 wp-block-columns-is-layout-flex\">\n<div class=\"wp-block-column is-layout-flow wp-block-column-is-layout-flow\" style=\"flex-basis:100%\">\n<div class=\"wp-block-columns is-layout-flex wp-container-core-columns-is-layout-28f84493 wp-block-columns-is-layout-flex\">\n<div class=\"wp-block-column is-layout-flow wp-block-column-is-layout-flow\" style=\"flex-basis:50%\">\n<figure class=\"wp-block-image size-full\"><img loading=\"lazy\" decoding=\"async\" width=\"512\" height=\"540\" src=\"https:\/\/beispiele.mut-atlas.de\/wp-content\/uploads\/2024\/11\/Bildschirmfoto-2024-11-01-um-11.41.01.png\" alt=\"\" class=\"wp-image-196\" srcset=\"https:\/\/beispiele.mut-atlas.de\/wp-content\/uploads\/2024\/11\/Bildschirmfoto-2024-11-01-um-11.41.01.png 512w, https:\/\/beispiele.mut-atlas.de\/wp-content\/uploads\/2024\/11\/Bildschirmfoto-2024-11-01-um-11.41.01-284x300.png 284w\" sizes=\"auto, (max-width: 512px) 100vw, 512px\" \/><\/figure>\n<\/div>\n\n\n\n<div class=\"wp-block-column is-layout-flow wp-block-column-is-layout-flow\" style=\"flex-basis:50%\">\n<p style=\"font-size:clamp(15.747px, 0.984rem + ((1vw - 3.2px) * 0.645), 24px);\">Auch ein Kartenausschnitt, auf dem nur die eignen Angebote dargestellt werden, ist m\u00f6glich. Dazu m\u00fcssen die Daten zuerst in unsere Datenbank integriert werden. Danach kann ein Link f\u00fcr die Einbindung generiert werden.<\/p>\n<\/div>\n<\/div>\n<\/div>\n<\/div>\n\n\n\n<div style=\"height:50px\" aria-hidden=\"true\" class=\"wp-block-spacer\"><\/div>\n","protected":false},"excerpt":{"rendered":"<p>Auf dieser Seite zeigen wir, die unterschiedlichen M\u00f6glichkeiten, wie der MUT-ATLAS auf anderen Webseiten ganz einfach eingebunden werden kann. Dabei gibt es verschiedene Darstellungsformen. Auch der angezeigte Inhalt kann je nach Wunsch variieren. Soll ein iFrame des MUT-ATLAS m\u00f6glichst vollst\u00e4ndig auf dem Bildschirm angezeigt werden (responsive design), so k\u00f6nnen die folgenden Einbettungen als Grundlage dienen:mut-atlas.de\/iframe.max.themingDefault.htmlmut-atlas.de\/iframe.max.themingAlternative.html [&hellip;]<\/p>\n","protected":false},"author":1,"featured_media":0,"parent":0,"menu_order":0,"comment_status":"closed","ping_status":"closed","template":"","meta":{"footnotes":""},"class_list":["post-104","page","type-page","status-publish","hentry"],"yoast_head":"<!-- This site is optimized with the Yoast SEO plugin v23.7 - https:\/\/yoast.com\/wordpress\/plugins\/seo\/ -->\n<title>Der MUT-ATLAS \u2013 einfach eingebunden - Beispiele MUT-ATLAS<\/title>\n<meta name=\"robots\" content=\"noindex, follow, max-snippet:-1, max-image-preview:large, max-video-preview:-1\" \/>\n<meta property=\"og:locale\" content=\"de_DE\" \/>\n<meta property=\"og:type\" content=\"article\" \/>\n<meta property=\"og:title\" content=\"Der MUT-ATLAS \u2013 einfach eingebunden - Beispiele MUT-ATLAS\" \/>\n<meta property=\"og:description\" content=\"Auf dieser Seite zeigen wir, die unterschiedlichen M\u00f6glichkeiten, wie der MUT-ATLAS auf anderen Webseiten ganz einfach eingebunden werden kann. Dabei gibt es verschiedene Darstellungsformen. Auch der angezeigte Inhalt kann je nach Wunsch variieren. Soll ein iFrame des MUT-ATLAS m\u00f6glichst vollst\u00e4ndig auf dem Bildschirm angezeigt werden (responsive design), so k\u00f6nnen die folgenden Einbettungen als Grundlage dienen:mut-atlas.de\/iframe.max.themingDefault.htmlmut-atlas.de\/iframe.max.themingAlternative.html [&hellip;]\" \/>\n<meta property=\"og:url\" content=\"https:\/\/beispiele.mut-atlas.de\/hauptseite\/\" \/>\n<meta property=\"og:site_name\" content=\"Beispiele MUT-ATLAS\" \/>\n<meta property=\"article:modified_time\" content=\"2026-04-09T08:27:53+00:00\" \/>\n<meta property=\"og:image\" content=\"https:\/\/beispiele.mut-atlas.de\/wp-content\/uploads\/2024\/11\/Bildschirmfoto-2024-11-01-um-11.41.01.png\" \/>\n\t<meta property=\"og:image:width\" content=\"512\" \/>\n\t<meta property=\"og:image:height\" content=\"540\" \/>\n\t<meta property=\"og:image:type\" content=\"image\/png\" \/>\n<meta name=\"twitter:card\" content=\"summary_large_image\" \/>\n<meta name=\"twitter:label1\" content=\"Gesch\u00e4tzte Lesezeit\" \/>\n\t<meta name=\"twitter:data1\" content=\"1\u00a0Minute\" \/>\n<script type=\"application\/ld+json\" class=\"yoast-schema-graph\">{\"@context\":\"https:\/\/schema.org\",\"@graph\":[{\"@type\":\"WebPage\",\"@id\":\"https:\/\/beispiele.mut-atlas.de\/hauptseite\/\",\"url\":\"https:\/\/beispiele.mut-atlas.de\/hauptseite\/\",\"name\":\"Der MUT-ATLAS \u2013 einfach eingebunden - Beispiele MUT-ATLAS\",\"isPartOf\":{\"@id\":\"https:\/\/beispiele.mut-atlas.de\/hauptseite\/#website\"},\"primaryImageOfPage\":{\"@id\":\"https:\/\/beispiele.mut-atlas.de\/hauptseite\/#primaryimage\"},\"image\":{\"@id\":\"https:\/\/beispiele.mut-atlas.de\/hauptseite\/#primaryimage\"},\"thumbnailUrl\":\"https:\/\/beispiele.mut-atlas.de\/wp-content\/uploads\/2024\/11\/Bildschirmfoto-2024-11-01-um-11.41.01.png\",\"datePublished\":\"2024-10-09T09:24:20+00:00\",\"dateModified\":\"2026-04-09T08:27:53+00:00\",\"breadcrumb\":{\"@id\":\"https:\/\/beispiele.mut-atlas.de\/hauptseite\/#breadcrumb\"},\"inLanguage\":\"de\",\"potentialAction\":[{\"@type\":\"ReadAction\",\"target\":[\"https:\/\/beispiele.mut-atlas.de\/hauptseite\/\"]}]},{\"@type\":\"ImageObject\",\"inLanguage\":\"de\",\"@id\":\"https:\/\/beispiele.mut-atlas.de\/hauptseite\/#primaryimage\",\"url\":\"https:\/\/beispiele.mut-atlas.de\/wp-content\/uploads\/2024\/11\/Bildschirmfoto-2024-11-01-um-11.41.01.png\",\"contentUrl\":\"https:\/\/beispiele.mut-atlas.de\/wp-content\/uploads\/2024\/11\/Bildschirmfoto-2024-11-01-um-11.41.01.png\"},{\"@type\":\"BreadcrumbList\",\"@id\":\"https:\/\/beispiele.mut-atlas.de\/hauptseite\/#breadcrumb\",\"itemListElement\":[{\"@type\":\"ListItem\",\"position\":1,\"name\":\"Startseite\",\"item\":\"https:\/\/beispiele.mut-atlas.de\/hauptseite\/\"},{\"@type\":\"ListItem\",\"position\":2,\"name\":\"Der MUT-ATLAS \u2013 einfach eingebunden\"}]},{\"@type\":\"WebSite\",\"@id\":\"https:\/\/beispiele.mut-atlas.de\/hauptseite\/#website\",\"url\":\"https:\/\/beispiele.mut-atlas.de\/hauptseite\/\",\"name\":\"Beispiele MUT-ATLAS\",\"description\":\"\",\"publisher\":{\"@id\":\"https:\/\/beispiele.mut-atlas.de\/hauptseite\/#organization\"},\"potentialAction\":[{\"@type\":\"SearchAction\",\"target\":{\"@type\":\"EntryPoint\",\"urlTemplate\":\"https:\/\/beispiele.mut-atlas.de\/hauptseite\/?s={search_term_string}\"},\"query-input\":{\"@type\":\"PropertyValueSpecification\",\"valueRequired\":true,\"valueName\":\"search_term_string\"}}],\"inLanguage\":\"de\"},{\"@type\":\"Organization\",\"@id\":\"https:\/\/beispiele.mut-atlas.de\/hauptseite\/#organization\",\"name\":\"Beispiele MUT-ATLAS\",\"url\":\"https:\/\/beispiele.mut-atlas.de\/hauptseite\/\",\"logo\":{\"@type\":\"ImageObject\",\"inLanguage\":\"de\",\"@id\":\"https:\/\/beispiele.mut-atlas.de\/hauptseite\/#\/schema\/logo\/image\/\",\"url\":\"https:\/\/beispiele.mut-atlas.de\/wp-content\/uploads\/2024\/10\/MA_Logo_HORIZONT_CMYK_gelb_tuerkis.png\",\"contentUrl\":\"https:\/\/beispiele.mut-atlas.de\/wp-content\/uploads\/2024\/10\/MA_Logo_HORIZONT_CMYK_gelb_tuerkis.png\",\"width\":675,\"height\":229,\"caption\":\"Beispiele MUT-ATLAS\"},\"image\":{\"@id\":\"https:\/\/beispiele.mut-atlas.de\/hauptseite\/#\/schema\/logo\/image\/\"}}]}<\/script>\n<!-- \/ Yoast SEO plugin. -->","yoast_head_json":{"title":"Der MUT-ATLAS \u2013 einfach eingebunden - Beispiele MUT-ATLAS","robots":{"index":"noindex","follow":"follow","max-snippet":"max-snippet:-1","max-image-preview":"max-image-preview:large","max-video-preview":"max-video-preview:-1"},"og_locale":"de_DE","og_type":"article","og_title":"Der MUT-ATLAS \u2013 einfach eingebunden - Beispiele MUT-ATLAS","og_description":"Auf dieser Seite zeigen wir, die unterschiedlichen M\u00f6glichkeiten, wie der MUT-ATLAS auf anderen Webseiten ganz einfach eingebunden werden kann. Dabei gibt es verschiedene Darstellungsformen. Auch der angezeigte Inhalt kann je nach Wunsch variieren. Soll ein iFrame des MUT-ATLAS m\u00f6glichst vollst\u00e4ndig auf dem Bildschirm angezeigt werden (responsive design), so k\u00f6nnen die folgenden Einbettungen als Grundlage dienen:mut-atlas.de\/iframe.max.themingDefault.htmlmut-atlas.de\/iframe.max.themingAlternative.html [&hellip;]","og_url":"https:\/\/beispiele.mut-atlas.de\/hauptseite\/","og_site_name":"Beispiele MUT-ATLAS","article_modified_time":"2026-04-09T08:27:53+00:00","og_image":[{"width":512,"height":540,"url":"https:\/\/beispiele.mut-atlas.de\/wp-content\/uploads\/2024\/11\/Bildschirmfoto-2024-11-01-um-11.41.01.png","type":"image\/png"}],"twitter_card":"summary_large_image","twitter_misc":{"Gesch\u00e4tzte Lesezeit":"1\u00a0Minute"},"schema":{"@context":"https:\/\/schema.org","@graph":[{"@type":"WebPage","@id":"https:\/\/beispiele.mut-atlas.de\/hauptseite\/","url":"https:\/\/beispiele.mut-atlas.de\/hauptseite\/","name":"Der MUT-ATLAS \u2013 einfach eingebunden - Beispiele MUT-ATLAS","isPartOf":{"@id":"https:\/\/beispiele.mut-atlas.de\/hauptseite\/#website"},"primaryImageOfPage":{"@id":"https:\/\/beispiele.mut-atlas.de\/hauptseite\/#primaryimage"},"image":{"@id":"https:\/\/beispiele.mut-atlas.de\/hauptseite\/#primaryimage"},"thumbnailUrl":"https:\/\/beispiele.mut-atlas.de\/wp-content\/uploads\/2024\/11\/Bildschirmfoto-2024-11-01-um-11.41.01.png","datePublished":"2024-10-09T09:24:20+00:00","dateModified":"2026-04-09T08:27:53+00:00","breadcrumb":{"@id":"https:\/\/beispiele.mut-atlas.de\/hauptseite\/#breadcrumb"},"inLanguage":"de","potentialAction":[{"@type":"ReadAction","target":["https:\/\/beispiele.mut-atlas.de\/hauptseite\/"]}]},{"@type":"ImageObject","inLanguage":"de","@id":"https:\/\/beispiele.mut-atlas.de\/hauptseite\/#primaryimage","url":"https:\/\/beispiele.mut-atlas.de\/wp-content\/uploads\/2024\/11\/Bildschirmfoto-2024-11-01-um-11.41.01.png","contentUrl":"https:\/\/beispiele.mut-atlas.de\/wp-content\/uploads\/2024\/11\/Bildschirmfoto-2024-11-01-um-11.41.01.png"},{"@type":"BreadcrumbList","@id":"https:\/\/beispiele.mut-atlas.de\/hauptseite\/#breadcrumb","itemListElement":[{"@type":"ListItem","position":1,"name":"Startseite","item":"https:\/\/beispiele.mut-atlas.de\/hauptseite\/"},{"@type":"ListItem","position":2,"name":"Der MUT-ATLAS \u2013 einfach eingebunden"}]},{"@type":"WebSite","@id":"https:\/\/beispiele.mut-atlas.de\/hauptseite\/#website","url":"https:\/\/beispiele.mut-atlas.de\/hauptseite\/","name":"Beispiele MUT-ATLAS","description":"","publisher":{"@id":"https:\/\/beispiele.mut-atlas.de\/hauptseite\/#organization"},"potentialAction":[{"@type":"SearchAction","target":{"@type":"EntryPoint","urlTemplate":"https:\/\/beispiele.mut-atlas.de\/hauptseite\/?s={search_term_string}"},"query-input":{"@type":"PropertyValueSpecification","valueRequired":true,"valueName":"search_term_string"}}],"inLanguage":"de"},{"@type":"Organization","@id":"https:\/\/beispiele.mut-atlas.de\/hauptseite\/#organization","name":"Beispiele MUT-ATLAS","url":"https:\/\/beispiele.mut-atlas.de\/hauptseite\/","logo":{"@type":"ImageObject","inLanguage":"de","@id":"https:\/\/beispiele.mut-atlas.de\/hauptseite\/#\/schema\/logo\/image\/","url":"https:\/\/beispiele.mut-atlas.de\/wp-content\/uploads\/2024\/10\/MA_Logo_HORIZONT_CMYK_gelb_tuerkis.png","contentUrl":"https:\/\/beispiele.mut-atlas.de\/wp-content\/uploads\/2024\/10\/MA_Logo_HORIZONT_CMYK_gelb_tuerkis.png","width":675,"height":229,"caption":"Beispiele MUT-ATLAS"},"image":{"@id":"https:\/\/beispiele.mut-atlas.de\/hauptseite\/#\/schema\/logo\/image\/"}}]}},"_links":{"self":[{"href":"https:\/\/beispiele.mut-atlas.de\/hauptseite\/wp-json\/wp\/v2\/pages\/104","targetHints":{"allow":["GET"]}}],"collection":[{"href":"https:\/\/beispiele.mut-atlas.de\/hauptseite\/wp-json\/wp\/v2\/pages"}],"about":[{"href":"https:\/\/beispiele.mut-atlas.de\/hauptseite\/wp-json\/wp\/v2\/types\/page"}],"author":[{"embeddable":true,"href":"https:\/\/beispiele.mut-atlas.de\/hauptseite\/wp-json\/wp\/v2\/users\/1"}],"replies":[{"embeddable":true,"href":"https:\/\/beispiele.mut-atlas.de\/hauptseite\/wp-json\/wp\/v2\/comments?post=104"}],"version-history":[{"count":10,"href":"https:\/\/beispiele.mut-atlas.de\/hauptseite\/wp-json\/wp\/v2\/pages\/104\/revisions"}],"predecessor-version":[{"id":278,"href":"https:\/\/beispiele.mut-atlas.de\/hauptseite\/wp-json\/wp\/v2\/pages\/104\/revisions\/278"}],"wp:attachment":[{"href":"https:\/\/beispiele.mut-atlas.de\/hauptseite\/wp-json\/wp\/v2\/media?parent=104"}],"curies":[{"name":"wp","href":"https:\/\/api.w.org\/{rel}","templated":true}]}}